{"id":1339,"date":"2017-10-16T13:54:07","date_gmt":"2017-10-16T10:54:07","guid":{"rendered":"http:\/\/ninzio.com\/agrikole\/?page_id=1339"},"modified":"2022-01-19T00:43:12","modified_gmt":"2022-01-18T21:43:12","slug":"contact-us","status":"publish","type":"page","link":"https:\/\/simsekmakine.com\/?page_id=1339","title":{"rendered":"Bize Ula\u015f\u0131n"},"content":{"rendered":"<p>[vc_row][vc_column]\r\n\t<div class=\"agrikole-spacer clearfix\" data-desktop=\"120\" data-mobi=\"60\" data-smobi=\"60\"><\/div>[vc_row_inner el_class=&#8221;half-on-991&#8243;][vc_column_inner]<div class=\"agrikole-content-box clearfix \" data-padding=\"40px 50px 40px\" data-mobipadding=\"40px 50px 40px\" data-margin=\"\" data-mobimargin=\"\" >\r\n\t\t<div class=\"inner ctb-619523065\" style=\"\"  data-background=\"\" data-rounded=\"5px\" data-border-color=\"#f5f0e9\" data-border-width=\"1px\" data-border-style=\"solid\" data-background-hover=\"#f5f0e9\" data-rounded-hover=\"5px\" data-border-color-hover=\"#f5f0e9\" data-border-width-hover=\"1px\" data-border-style-hover=\"solid\" data-translatey=\"-5\">\r\n\t\t\t<div class=\"agrikole-headings clearfix \" data-font=30 style=\"\"><h3 class=\"heading clearfix \" style=\"margin-bottom:17px;font-size:30px;\">\r\n\t\t\u015eim\u015fek G\u0131da Makineleri\r\n\t<\/h3><div class=\"sub-heading clearfix\">\r\n\t\t<p><span style=\"font-weight: 400;\">Adres : Yunus Emre Mah. Yozgat Sk.\u00a0<\/span><span style=\"font-weight: 400;\">No:29 Y\u0131ld\u0131r\u0131m &#8211; Bursa &#8211; T\u00fcrkiye<\/span><\/p>\n<p><span style=\"font-weight: 400;\">e-posta : bilgi@simsekmakine.com<\/span><\/p>\n<p><span style=\"font-weight: 400;\">Telefon : +90(224) 363 4200<\/span><\/p>\n<p><span style=\"font-weight: 400;\">Faks : +90(224) 363 0125<\/span><\/p>\n\r\n\t<\/div><\/div>\r\n\t\t<\/div>\r\n\t<\/div>[\/vc_column_inner][\/vc_row_inner]\r\n\t<div class=\"agrikole-spacer clearfix\" data-desktop=\"120\" data-mobi=\"60\" data-smobi=\"60\"><\/div>[\/vc_column][\/vc_row][vc_row][vc_column][vc_row_inner][vc_column_inner width=&#8221;1\/2&#8243; halfbg=&#8221;color&#8221; halfbg_color=&#8221;#5b8c51&#8243; halfbg_rounded=&#8221;0px 5px 0px 0px&#8221;]\r\n\t<div class=\"agrikole-spacer clearfix\" data-desktop=\"112\" data-mobi=\"60\" data-smobi=\"60\"><\/div><div class=\"agrikole-headings clearfix \" data-font=70 data-mfont=60 style=\"\"><div class=\"pre-heading clearfix\" style=\"font-weight:600;color:#ffffff;font-size:14px;letter-spacing:3px;\">\r\n\t\tBize Yaz\u0131n Size Ula\u015fal\u0131m\r\n\t<\/div><h2 class=\"heading clearfix \" style=\"color:#ffffff;line-height:70px;font-size:70px;\">\r\n\t\t\u0130leti\u015fim Formu\r\n\t<\/h2><div class=\"sep clearfix\" style=\"margin:5px 0 0;\">\r\n\t\t\t\t<img decoding=\"async\" alt=\"image\" src=\"https:\/\/simsekmakine.com\/wp-content\/uploads\/2020\/01\/separator.png\">\r\n\t\t\t<\/div><\/div>\r\n\t<div class=\"agrikole-spacer clearfix\" data-desktop=\"56\" data-mobi=\"40\" data-smobi=\"40\"><\/div><div class=\"agrikole-content-box clearfix \" data-padding=\"0px 0px 0px 0px\" data-mobipadding=\"0px 0px 0px 0px\" data-margin=\"\" data-mobimargin=\"\" >\r\n\t\t<div class=\"inner ctb-230974480\" style=\"\"  data-background=\"\" data-border-style=\"solid\" data-border-style-hover=\"solid\">\r\n\t\t\t<div class=\"agrikole-cf7  bg-white btn-accent\"><div role=\"form\" class=\"wpcf7\" id=\"wpcf7-f4437-o1\" lang=\"en-US\" dir=\"ltr\">\n<div class=\"screen-reader-response\"><p role=\"status\" aria-live=\"polite\" aria-atomic=\"true\"><\/p> <ul><\/ul><\/div>\n<form action=\"\/index.php?rest_route=%2Fwp%2Fv2%2Fpages%2F1339#wpcf7-f4437-o1\" method=\"post\" class=\"wpcf7-form init\" novalidate=\"novalidate\" data-status=\"init\">\n<div style=\"display: none;\">\n<input type=\"hidden\" name=\"_wpcf7\" value=\"4437\" \/>\n<input type=\"hidden\" name=\"_wpcf7_version\" value=\"5.6.3\" \/>\n<input type=\"hidden\" name=\"_wpcf7_locale\" value=\"en_US\" \/>\n<input type=\"hidden\" name=\"_wpcf7_unit_tag\" value=\"wpcf7-f4437-o1\" \/>\n<input type=\"hidden\" name=\"_wpcf7_container_post\" value=\"0\" \/>\n<input type=\"hidden\" name=\"_wpcf7_posted_data_hash\" value=\"\" \/>\n<\/div>\n<div class=\"input-wrap clearfix\">\n<div class=\"name-wrap\"><span class=\"wpcf7-form-control-wrap\" data-name=\"your-name\"><input type=\"text\" name=\"your-name\" value=\"\" size=\"40\" class=\"wpcf7-form-control wpcf7-text wpcf7-validates-as-required\" aria-required=\"true\" aria-invalid=\"false\" placeholder=\"Ad\u0131n\u0131z\" \/><\/span><\/div>\n<div class=\"email-wrap\"><span class=\"wpcf7-form-control-wrap\" data-name=\"your-email\"><input type=\"email\" name=\"your-email\" value=\"\" size=\"40\" class=\"wpcf7-form-control wpcf7-text wpcf7-email wpcf7-validates-as-required wpcf7-validates-as-email\" aria-required=\"true\" aria-invalid=\"false\" placeholder=\"E-posta adresiniz\" \/><\/span><\/div>\n<\/div>\n<div class=\"input-wrap clearfix\">\n<div class=\"phone-wrap\"><span class=\"wpcf7-form-control-wrap\" data-name=\"your-phone\"><input type=\"text\" name=\"your-phone\" value=\"\" size=\"40\" class=\"wpcf7-form-control wpcf7-text wpcf7-validates-as-required\" aria-required=\"true\" aria-invalid=\"false\" placeholder=\"Telefonunuz\" \/><\/span><\/div>\n<div class=\"subject-wrap\"><span class=\"wpcf7-form-control-wrap\" data-name=\"your-subject\"><input type=\"text\" name=\"your-subject\" value=\"\" size=\"40\" class=\"wpcf7-form-control wpcf7-text wpcf7-validates-as-required\" aria-required=\"true\" aria-invalid=\"false\" placeholder=\"Konu\" \/><\/span><\/div>\n<\/div>\n<div class=\"message-wrap\"><span class=\"wpcf7-form-control-wrap\" data-name=\"your-message\"><textarea name=\"your-message\" cols=\"40\" rows=\"10\" class=\"wpcf7-form-control wpcf7-textarea\" aria-invalid=\"false\" placeholder=\"Mesaj\u0131n\u0131z\"><\/textarea><\/span><\/div>\n<div class=\"submit-wrap\"><span><input type=\"submit\" value=\"G\u00f6nder\" class=\"wpcf7-form-control has-spinner wpcf7-submit\" \/><\/span><\/div>\n<p style=\"display: none !important;\"><label>&#916;<textarea name=\"_wpcf7_ak_hp_textarea\" cols=\"45\" rows=\"8\" maxlength=\"100\"><\/textarea><\/label><input type=\"hidden\" id=\"ak_js_1\" name=\"_wpcf7_ak_js\" value=\"69\"\/><script>document.getElementById( \"ak_js_1\" ).setAttribute( \"value\", ( new Date() ).getTime() );<\/script><\/p><div class=\"wpcf7-response-output\" aria-hidden=\"true\"><\/div><\/form><\/div><\/div>\r\n\t\t<\/div>\r\n\t<\/div>\r\n\t<div class=\"agrikole-spacer clearfix\" data-desktop=\"120\" data-mobi=\"40\" data-smobi=\"40\"><\/div>[\/vc_column_inner][vc_column_inner width=&#8221;1\/2&#8243;]<div class=\"agrikole-content-box clearfix  display-flex justify-content-center\" data-padding=\"0px 0px 0px 0px\" data-mobipadding=\"0px 0px 0px 0px\" data-margin=\"\" data-mobimargin=\"\" >\r\n\t\t<div class=\"inner ctb-1162080150\" style=\"\"  data-background=\"\" data-border-style=\"solid\" data-border-style-hover=\"solid\">\r\n\t\t\t[vc_gmaps link=&#8221;#E-8_JTNDaWZyYW1lJTIwc3JjJTNEJTIyaHR0cHMlM0ElMkYlMkZ3d3cuZ29vZ2xlLmNvbSUyRm1hcHMlMkZlbWJlZCUzRnBiJTNEJTIxMW0xOCUyMTFtMTIlMjExbTMlMjExZDQ4NzQyLjc4NjM0NDYxMjkzJTIxMmQyOS4wMjE4NzQxNjk5NTc3MyUyMTNkNDAuMjIxODcwNzYwMTEyNTglMjEybTMlMjExZjAlMjEyZjAlMjEzZjAlMjEzbTIlMjExaTEwMjQlMjEyaTc2OCUyMTRmMTMuMSUyMTNtMyUyMTFtMiUyMTFzMHgwJTI1M0EweDJiOGRhYmZmZGViMWM4ZjclMjEyenhaNXBiY1dmWldzZ1U4TzhkQ0JUWWNTZnhMRnRJRTFoYTJsdVlXeGhjc1N4JTIxNWUwJTIxM20yJTIxMXN0ciUyMTJzdHIlMjE0djE2MzI1ODA3MDAzNTglMjE1bTIlMjExc3RyJTIxMnN0ciUyMiUyMHdpZHRoJTNEJTIyNjAwJTIyJTIwaGVpZ2h0JTNEJTIyNDUwJTIyJTIwc3R5bGUlM0QlMjJib3JkZXIlM0EwJTNCJTIyJTIwYWxsb3dmdWxsc2NyZWVuJTNEJTIyJTIyJTIwbG9hZGluZyUzRCUyMmxhenklMjIlM0UlM0MlMkZpZnJhbWUlM0U=&#8221; title=&#8221;Harita&#8221;]\r\n\t\t<\/div>\r\n\t<\/div>[\/vc_column_inner][\/vc_row_inner][\/vc_column][\/vc_row]<\/p>\n","protected":false},"excerpt":{"rendered":"<p>[vc_row][vc_column][vc_row_inner el_class=&#8221;half-on-991&#8243;][vc_column_inner][\/vc_column_inner][\/vc_row_inner][\/vc_column][\/vc_row][vc_row][vc_column][vc_row_inner][vc_column_inner width=&#8221;1\/2&#8243; halfbg=&#8221;color&#8221; halfbg_color=&#8221;#5b8c51&#8243; halfbg_rounded=&#8221;0px 5px 0px 0px&#8221;][\/vc_column_inner][vc_column_inner width=&#8221;1\/2&#8243;][\/vc_column_inner][\/vc_row_inner][\/vc_column][\/vc_row]<\/p>\n","protected":false},"author":1,"featured_media":0,"parent":0,"menu_order":0,"comment_status":"closed","ping_status":"closed","template":"","meta":{"footnotes":""},"class_list":["post-1339","page","type-page","status-publish","hentry"],"_links":{"self":[{"href":"https:\/\/simsekmakine.com\/index.php?rest_route=\/wp\/v2\/pages\/1339","targetHints":{"allow":["GET"]}}],"collection":[{"href":"https:\/\/simsekmakine.com\/index.php?rest_route=\/wp\/v2\/pages"}],"about":[{"href":"https:\/\/simsekmakine.com\/index.php?rest_route=\/wp\/v2\/types\/page"}],"author":[{"embeddable":true,"href":"https:\/\/simsekmakine.com\/index.php?rest_route=\/wp\/v2\/users\/1"}],"replies":[{"embeddable":true,"href":"https:\/\/simsekmakine.com\/index.php?rest_route=%2Fwp%2Fv2%2Fcomments&post=1339"}],"version-history":[{"count":11,"href":"https:\/\/simsekmakine.com\/index.php?rest_route=\/wp\/v2\/pages\/1339\/revisions"}],"predecessor-version":[{"id":14527,"href":"https:\/\/simsekmakine.com\/index.php?rest_route=\/wp\/v2\/pages\/1339\/revisions\/14527"}],"wp:attachment":[{"href":"https:\/\/simsekmakine.com\/index.php?rest_route=%2Fwp%2Fv2%2Fmedia&parent=1339"}],"curies":[{"name":"wp","href":"https:\/\/api.w.org\/{rel}","templated":true}]}}