{"id":14602,"date":"2021-10-02T16:51:44","date_gmt":"2021-10-02T13:51:44","guid":{"rendered":"http:\/\/simsekmakine.com\/?page_id=14602"},"modified":"2022-02-26T17:00:45","modified_gmt":"2022-02-26T14:00:45","slug":"yagli-sistem-makine","status":"publish","type":"page","link":"https:\/\/simsekmakine.com\/?page_id=14602","title":{"rendered":"Ya\u011fl\u0131 Sistem Makineler"},"content":{"rendered":"<p>[vc_row][vc_column width=&#8221;1\/4&#8243;]<div class=\"agrikole-headings clearfix text-center\"  style=\"\"><div class=\"sub-heading clearfix\">\r\n\t\t<p><strong>\u015eMK 003 &#8211; Tek G\u00fc\u011f\u00fcm, tek sa\u011f\u0131m ya\u011fl\u0131 sistem al\u00fcminyum g\u00fc\u011f\u00fcm s\u00fct sa\u011f\u0131m makinas\u0131<\/strong><\/p>\n\r\n\t<\/div><div class=\"sep accent clearfix\" style=\"width:70px;height:2px;margin:;\"><\/div><\/div>[vc_gallery interval=&#8221;3&#8243; images=&#8221;14809&#8243; img_size=&#8221;full&#8221; css=&#8221;.vc_custom_1645880933390{margin-bottom: -40px !important;}&#8221;][vc_column_text]Makina Cinsi : <strong>Tek Pulsat\u00f6r, Tek Al\u00fcminyum G\u00fc\u011f\u00fcm<\/strong><br \/>\n<strong>Ya\u011fl\u0131 Fiber Paletli<\/strong><br \/>\nSa\u011f\u0131m Kapasitesi : \u00a06-8 inek \/ saat<br \/>\nG\u00fc\u011f\u00fcm Hacmi : 30 lt[\/vc_column_text][\/vc_column][vc_column width=&#8221;1\/4&#8243;]<div class=\"agrikole-headings clearfix text-center\"  style=\"\"><div class=\"sub-heading clearfix\">\r\n\t\t<p><strong>\u015eMK 003 -01- Tek G\u00fc\u011f\u00fcm, tek sa\u011f\u0131m ya\u011fl\u0131 sistem krom g\u00fc\u011f\u00fcm s\u00fct sa\u011f\u0131m makinas\u0131<\/strong><\/p>\n\r\n\t<\/div><div class=\"sep accent clearfix\" style=\"width:70px;height:2px;margin:;\"><\/div><\/div>[vc_gallery interval=&#8221;3&#8243; images=&#8221;14811&#8243; img_size=&#8221;full&#8221; css=&#8221;.vc_custom_1645881214159{margin-bottom: -40px !important;}&#8221;][vc_column_text]Makina Cinsi : <strong>Tek Pulsat\u00f6r, Tek Krom G\u00fc\u011f\u00fcm<\/strong><br \/>\n<strong>Ya\u011fl\u0131 Fiber Paletli<\/strong><br \/>\nSa\u011f\u0131m Kapasitesi : \u00a06-8 inek \/ saat<br \/>\nG\u00fc\u011f\u00fcm Hacmi : 30 lt[\/vc_column_text][\/vc_column][vc_column width=&#8221;1\/4&#8243;]<div class=\"agrikole-headings clearfix text-center\"  style=\"\"><div class=\"sub-heading clearfix\">\r\n\t\t<p><strong>\u015eMK 004 &#8211; Tek G\u00fc\u011f\u00fcm, \u00c7ift sa\u011f\u0131m ya\u011fl\u0131 sistem al\u00fcminyum g\u00fc\u011f\u00fcm s\u00fct sa\u011f\u0131m makinas\u0131<\/strong><\/p>\n\r\n\t<\/div><div class=\"sep accent clearfix\" style=\"width:70px;height:2px;margin:;\"><\/div><\/div>[vc_gallery interval=&#8221;3&#8243; images=&#8221;14813&#8243; img_size=&#8221;full&#8221; css=&#8221;.vc_custom_1645881382482{margin-bottom: -40px !important;}&#8221;][vc_column_text]Makina Cinsi : <strong>\u00c7ift Pulsat\u00f6r, Tek Al\u00fcminyum G\u00fc\u011f\u00fcm<\/strong><br \/>\n<strong>Ya\u011fl\u0131 Fiber Paletli<\/strong><br \/>\nSa\u011f\u0131m Kapasitesi : \u00a010-12 inek \/ saat<br \/>\nG\u00fc\u011f\u00fcm Hacmi :40 lt[\/vc_column_text][\/vc_column][vc_column width=&#8221;1\/4&#8243;]<div class=\"agrikole-headings clearfix text-center\"  style=\"\"><div class=\"sub-heading clearfix\">\r\n\t\t<p><strong>\u015eMK 004 -01- Tek G\u00fc\u011f\u00fcm, \u00c7ift sa\u011f\u0131m ya\u011fl\u0131 sistem krom g\u00fc\u011f\u00fcm s\u00fct sa\u011f\u0131m makinas\u0131<\/strong><\/p>\n\r\n\t<\/div><div class=\"sep accent clearfix\" style=\"width:70px;height:2px;margin:;\"><\/div><\/div>[vc_gallery interval=&#8221;3&#8243; images=&#8221;14815&#8243; img_size=&#8221;full&#8221; css=&#8221;.vc_custom_1645881649289{margin-bottom: -40px !important;}&#8221;][vc_column_text]Makina Cinsi : <strong>\u00c7ift Pulsat\u00f6r, Tek krom G\u00fc\u011f\u00fcm<\/strong><br \/>\n<strong>Ya\u011fl\u0131 Fiber Paletli<\/strong><br \/>\nSa\u011f\u0131m Kapasitesi : \u00a010-12 inek \/ saat<br \/>\nG\u00fc\u011f\u00fcm Hacmi :40 lt[\/vc_column_text][\/vc_column][\/vc_row][vc_row][vc_column][vc_empty_space height=&#8221;45px&#8221;][\/vc_column][\/vc_row][vc_row][vc_column width=&#8221;1\/4&#8243;]<div class=\"agrikole-headings clearfix text-center\"  style=\"\"><div class=\"sub-heading clearfix\">\r\n\t\t<p><strong>\u015eMK 005 : Sabit Ya\u011fl\u0131 Sistem Al\u00fcminyum veya Krom G\u00fc\u011f\u00fcm S\u00fct Sa\u011f\u0131m Makinas\u0131<\/strong><\/p>\n\r\n\t<\/div><div class=\"sep accent clearfix\" style=\"width:70px;height:2px;margin:;\"><\/div><\/div>[vc_gallery interval=&#8221;3&#8243; images=&#8221;14818&#8243; img_size=&#8221;full&#8221; css=&#8221;.vc_custom_1645881824356{margin-bottom: -40px !important;}&#8221;][vc_column_text][\/vc_column_text][vc_column_text]Makina Cinsi :<strong> Sabit Ya\u011fl\u0131 Sistem Tek veya \u00c7ift Koval\u0131 Al\u00fcminyum veya Krom G\u00fc\u011f\u00fcm Ya\u011fl\u0131 Fiber paletli<\/strong><br \/>\nSa\u011f\u0131m Kapasitesi : \u00a08- 16 inek \/ saat<br \/>\nG\u00fc\u011f\u00fcm Hacmi : 30 lt 1 veya 2 adet[\/vc_column_text][\/vc_column][vc_column width=&#8221;1\/4&#8243;]<div class=\"agrikole-headings clearfix text-center\"  style=\"\"><div class=\"sub-heading clearfix\">\r\n\t\t<p><strong>\u015eMK 006 : Sabit Ya\u011fl\u0131 Sistem Al\u00fcminyum veya Krom G\u00fc\u011f\u00fcm S\u00fct Sa\u011f\u0131m Makinas\u0131<\/strong><\/p>\n\r\n\t<\/div><div class=\"sep accent clearfix\" style=\"width:70px;height:2px;margin:;\"><\/div><\/div>[vc_gallery interval=&#8221;3&#8243; images=&#8221;14822&#8243; img_size=&#8221;full&#8221; css=&#8221;.vc_custom_1645882228480{margin-bottom: -40px !important;}&#8221;][vc_column_text][\/vc_column_text][vc_column_text]Makina Cinsi :<strong> Sabit Ya\u011fl\u0131 Sistem Tek veya \u00c7ift Koval\u0131 Al\u00fcminyum veya Krom G\u00fc\u011f\u00fcm Makine<\/strong><br \/>\nSa\u011f\u0131m Kapasitesi : \u00a08- 16 inek \/ saat<br \/>\nG\u00fc\u011f\u00fcm Hacmi : 30 lt 1 veya 2 adet[\/vc_column_text][\/vc_column][vc_column width=&#8221;1\/4&#8243;]<div class=\"agrikole-headings clearfix text-center\"  style=\"\"><div class=\"sub-heading clearfix\">\r\n\t\t<p><strong>\u015eMK 008 : Ta\u015f\u0131nabilir Ya\u011fl\u0131 Sistem Al\u00fcminyum G\u00fc\u011f\u00fcm S\u00fct Sa\u011f\u0131m Makinas\u0131<\/strong><\/p>\n\r\n\t<\/div><div class=\"sep accent clearfix\" style=\"width:70px;height:2px;margin:;\"><\/div><\/div>[vc_gallery interval=&#8221;3&#8243; images=&#8221;14831&#8243; img_size=&#8221;full&#8221; css=&#8221;.vc_custom_1645882894339{margin-bottom: -40px !important;}&#8221;][vc_column_text][\/vc_column_text][vc_column_text]Makina Cinsi :<strong>\u00a0Ya\u011fl\u0131 Sistem Tek veya \u00c7ift Koval\u0131 Al\u00fcminyum G\u00fc\u011f\u00fcm Makine<\/strong><br \/>\nSa\u011f\u0131m Kapasitesi : \u00a08- 16 inek \/ saat<br \/>\nG\u00fc\u011f\u00fcm Hacmi : 30 lt 1 veya 2 adet[\/vc_column_text][\/vc_column][vc_column width=&#8221;1\/4&#8243;]<div class=\"agrikole-headings clearfix text-center\"  style=\"\"><div class=\"sub-heading clearfix\">\r\n\t\t<p><strong>\u015eMK 008 : Ta\u015f\u0131nabilir Ya\u011fl\u0131 Sistem \u00c7ift Koval\u0131 Krom G\u00fc\u011f\u00fcm S\u00fct Sa\u011f\u0131m Makinas\u0131<\/strong><\/p>\n\r\n\t<\/div><div class=\"sep accent clearfix\" style=\"width:70px;height:2px;margin:;\"><\/div><\/div>[vc_gallery interval=&#8221;3&#8243; images=&#8221;14830&#8243; img_size=&#8221;full&#8221; css=&#8221;.vc_custom_1645882936195{margin-bottom: -40px !important;}&#8221;][vc_column_text][\/vc_column_text][vc_column_text]Makina Cinsi :<strong>\u00a0Ya\u011fl\u0131 Sistem Tek veya \u00c7ift Koval\u0131 Krom G\u00fc\u011f\u00fcm Makine<\/strong><br \/>\nSa\u011f\u0131m Kapasitesi : \u00a08- 16 inek \/ saat<br \/>\nG\u00fc\u011f\u00fcm Hacmi : 30 lt 1 veya 2 adet[\/vc_column_text][\/vc_column][\/vc_row][vc_row][vc_column][vc_empty_space height=&#8221;45px&#8221;][\/vc_column][\/vc_row][vc_row][vc_column width=&#8221;1\/4&#8243;]<div class=\"agrikole-headings clearfix text-center\"  style=\"\"><div class=\"sub-heading clearfix\">\r\n\t\t<p><strong>\u015eMK 011 : Ta\u015f\u0131nabilir Ya\u011fl\u0131 Sistem Al\u00fcminyum G\u00fc\u011f\u00fcm Makina<\/strong><\/p>\n\r\n\t<\/div><div class=\"sep accent clearfix\" style=\"width:70px;height:2px;margin:;\"><\/div><\/div>[vc_gallery interval=&#8221;3&#8243; images=&#8221;14839&#8243; img_size=&#8221;full&#8221; css=&#8221;.vc_custom_1645883483373{margin-bottom: -40px !important;}&#8221;][vc_column_text][\/vc_column_text][vc_column_text]Makina Cinsi :<strong> Ta\u015f\u0131nabilir Ya\u011fl\u0131 Sistem Al\u00fcminyum G\u00fc\u011f\u00fcm S\u00fct Sa\u011f\u0131m Makinas\u0131<\/strong><br \/>\nSa\u011f\u0131m Kapasitesi : \u00a08- 16 inek \/ saat<br \/>\nG\u00fc\u011f\u00fcm Hacmi : 30 lt 1 veya 2 adet[\/vc_column_text][\/vc_column][vc_column width=&#8221;1\/4&#8243;]<div class=\"agrikole-headings clearfix text-center\"  style=\"\"><div class=\"sub-heading clearfix\">\r\n\t\t<p><strong>\u015eMK 011 : Ta\u015f\u0131nabilir Ya\u011fl\u0131 Sistem Krom \u00c7ift Koval\u0131 S\u00fct Sa\u011f\u0131m Makinas\u0131<\/strong><\/p>\n\r\n\t<\/div><div class=\"sep accent clearfix\" style=\"width:70px;height:2px;margin:;\"><\/div><\/div>[vc_gallery interval=&#8221;3&#8243; images=&#8221;14838&#8243; img_size=&#8221;full&#8221; css=&#8221;.vc_custom_1645883508703{margin-bottom: -40px !important;}&#8221;][vc_column_text][\/vc_column_text][vc_column_text]Makina Cinsi :<strong> Sabit Ya\u011fl\u0131 Sistem Tek veya \u00c7ift Koval\u0131 Al\u00fcminyum veya Krom G\u00fc\u011f\u00fcm Makine<\/strong><br \/>\nSa\u011f\u0131m Kapasitesi : \u00a08- 16 inek \/ saat<br \/>\nG\u00fc\u011f\u00fcm Hacmi : 30 lt 1 veya 2 adet[\/vc_column_text][\/vc_column][\/vc_row][vc_row][vc_column][vc_empty_space height=&#8221;45px&#8221;][\/vc_column][\/vc_row]<\/p>\n","protected":false},"excerpt":{"rendered":"<p>[vc_row][vc_column width=&#8221;1\/4&#8243;][vc_gallery interval=&#8221;3&#8243; images=&#8221;14809&#8243; img_size=&#8221;full&#8221; css=&#8221;.vc_custom_1645880933390{margin-bottom: -40px !important;}&#8221;][vc_column_text]Makina Cinsi : Tek Pulsat\u00f6r, Tek Al\u00fcminyum G\u00fc\u011f\u00fcm Ya\u011fl\u0131 Fiber Paletli Sa\u011f\u0131m Kapasitesi : \u00a06-8 inek \/ saat G\u00fc\u011f\u00fcm Hacmi : 30 lt[\/vc_column_text][\/vc_column][vc_column width=&#8221;1\/4&#8243;][vc_gallery interval=&#8221;3&#8243; images=&#8221;14811&#8243; img_size=&#8221;full&#8221; css=&#8221;.vc_custom_1645881214159{margin-bottom: -40px !important;}&#8221;][vc_column_text]Makina Cinsi : Tek Pulsat\u00f6r, Tek Krom G\u00fc\u011f\u00fcm Ya\u011fl\u0131 Fiber Paletli Sa\u011f\u0131m Kapasitesi :<\/p>\n","protected":false},"author":1,"featured_media":0,"parent":0,"menu_order":0,"comment_status":"closed","ping_status":"closed","template":"","meta":{"footnotes":""},"class_list":["post-14602","page","type-page","status-publish","hentry"],"_links":{"self":[{"href":"https:\/\/simsekmakine.com\/index.php?rest_route=\/wp\/v2\/pages\/14602","targetHints":{"allow":["GET"]}}],"collection":[{"href":"https:\/\/simsekmakine.com\/index.php?rest_route=\/wp\/v2\/pages"}],"about":[{"href":"https:\/\/simsekmakine.com\/index.php?rest_route=\/wp\/v2\/types\/page"}],"author":[{"embeddable":true,"href":"https:\/\/simsekmakine.com\/index.php?rest_route=\/wp\/v2\/users\/1"}],"replies":[{"embeddable":true,"href":"https:\/\/simsekmakine.com\/index.php?rest_route=%2Fwp%2Fv2%2Fcomments&post=14602"}],"version-history":[{"count":114,"href":"https:\/\/simsekmakine.com\/index.php?rest_route=\/wp\/v2\/pages\/14602\/revisions"}],"predecessor-version":[{"id":14848,"href":"https:\/\/simsekmakine.com\/index.php?rest_route=\/wp\/v2\/pages\/14602\/revisions\/14848"}],"wp:attachment":[{"href":"https:\/\/simsekmakine.com\/index.php?rest_route=%2Fwp%2Fv2%2Fmedia&parent=14602"}],"curies":[{"name":"wp","href":"https:\/\/api.w.org\/{rel}","templated":true}]}}