{"id":14752,"date":"2022-01-18T23:59:25","date_gmt":"2022-01-18T20:59:25","guid":{"rendered":"http:\/\/simsekmakine.com\/?page_id=14752"},"modified":"2022-02-26T17:39:36","modified_gmt":"2022-02-26T14:39:36","slug":"kuru-sistem","status":"publish","type":"page","link":"https:\/\/simsekmakine.com\/?page_id=14752","title":{"rendered":"Kuru Sistem Makineler"},"content":{"rendered":"<p>[vc_row][vc_column width=&#8221;1\/4&#8243;]<div class=\"agrikole-headings clearfix text-center\"  style=\"\"><div class=\"sub-heading clearfix\">\r\n\t\t<p><strong>\u015eMK 001 &#8211; Tek G\u00fc\u011f\u00fcm, tek sa\u011f\u0131m kuru sistem al\u00fcminyum g\u00fc\u011f\u00fcm s\u00fct sa\u011f\u0131m makinas\u0131<\/strong><\/p>\n\r\n\t<\/div><div class=\"sep accent clearfix\" style=\"width:70px;height:2px;margin:;\"><\/div><\/div>[vc_gallery interval=&#8221;3&#8243; images=&#8221;14850&#8243; img_size=&#8221;full&#8221; css=&#8221;.vc_custom_1645884331057{margin-bottom: -40px !important;}&#8221;][vc_column_text]Makina Cinsi : <strong>Tek Pulsat\u00f6r, Tek Al\u00fcminyum G\u00fc\u011f\u00fcm<\/strong><br \/>\n<strong>Kuru Grafit Paletli<\/strong><br \/>\nSa\u011f\u0131m Kapasitesi : \u00a06-8 inek \/ saat<br \/>\nG\u00fc\u011f\u00fcm Hacmi : 30 lt[\/vc_column_text][\/vc_column][vc_column width=&#8221;1\/4&#8243;]<div class=\"agrikole-headings clearfix text-center\"  style=\"\"><div class=\"sub-heading clearfix\">\r\n\t\t<p><strong>\u015eMK 001 -01- Tek G\u00fc\u011f\u00fcm, tek sa\u011f\u0131m kuru sistem krom g\u00fc\u011f\u00fcm s\u00fct sa\u011f\u0131m makinas\u0131<\/strong><\/p>\n\r\n\t<\/div><div class=\"sep accent clearfix\" style=\"width:70px;height:2px;margin:;\"><\/div><\/div>[vc_gallery interval=&#8221;3&#8243; images=&#8221;14849&#8243; img_size=&#8221;full&#8221; css=&#8221;.vc_custom_1645884352898{margin-bottom: -40px !important;}&#8221;][vc_column_text]Makina Cinsi : <strong>Tek Pulsat\u00f6r, Tek krom G\u00fc\u011f\u00fcm<\/strong><br \/>\n<strong>Kuru Grafit Paletli<\/strong><br \/>\nSa\u011f\u0131m Kapasitesi : \u00a06-8 inek \/ saat<br \/>\nG\u00fc\u011f\u00fcm Hacmi : 30 lt[\/vc_column_text][\/vc_column][vc_column width=&#8221;1\/4&#8243;]<div class=\"agrikole-headings clearfix text-center\"  style=\"\"><div class=\"sub-heading clearfix\">\r\n\t\t<p><strong>\u015eMK 002 &#8211; Tek G\u00fc\u011f\u00fcm, \u00c7ift sa\u011f\u0131m kuru sistem al\u00fcminyum g\u00fc\u011f\u00fcm s\u00fct sa\u011f\u0131m makinas\u0131<\/strong><\/p>\n\r\n\t<\/div><div class=\"sep accent clearfix\" style=\"width:70px;height:2px;margin:;\"><\/div><\/div>[vc_gallery interval=&#8221;3&#8243; images=&#8221;14853&#8243; img_size=&#8221;full&#8221; css=&#8221;.vc_custom_1645884616585{margin-bottom: -40px !important;}&#8221;][vc_column_text]Makina Cinsi : <strong>\u00c7ift Pulsat\u00f6r, Tek Al\u00fcminyum G\u00fc\u011f\u00fcm<\/strong><br \/>\n<strong>Kuru Grafit Paletli<\/strong><br \/>\nSa\u011f\u0131m Kapasitesi : \u00a010-12 inek \/ saat<br \/>\nG\u00fc\u011f\u00fcm Hacmi :40 lt[\/vc_column_text][\/vc_column][vc_column width=&#8221;1\/4&#8243;]<div class=\"agrikole-headings clearfix text-center\"  style=\"\"><div class=\"sub-heading clearfix\">\r\n\t\t<p><strong>\u015eMK 002 -01- Tek G\u00fc\u011f\u00fcm, \u00c7ift sa\u011f\u0131m kuru sistem krom g\u00fc\u011f\u00fcm s\u00fct sa\u011f\u0131m makinas\u0131<\/strong><\/p>\n\r\n\t<\/div><div class=\"sep accent clearfix\" style=\"width:70px;height:2px;margin:;\"><\/div><\/div>[vc_gallery interval=&#8221;3&#8243; images=&#8221;14854&#8243; img_size=&#8221;full&#8221; css=&#8221;.vc_custom_1645884642703{margin-bottom: -40px !important;}&#8221;][vc_column_text]Makina Cinsi : <strong>\u00c7ift Pulsat\u00f6r, Tek Krom G\u00fc\u011f\u00fcm<\/strong><br \/>\n<strong>Kuru Grafit Paletli<\/strong><br \/>\nSa\u011f\u0131m Kapasitesi : \u00a010-12 inek \/ saat<br \/>\nG\u00fc\u011f\u00fcm Hacmi :40 lt[\/vc_column_text][\/vc_column][\/vc_row][vc_row][vc_column][vc_empty_space height=&#8221;45px&#8221;][\/vc_column][\/vc_row][vc_row][vc_column width=&#8221;1\/4&#8243;]<div class=\"agrikole-headings clearfix text-center\"  style=\"\"><div class=\"sub-heading clearfix\">\r\n\t\t<p><strong>\u015eMK 007 &#8211; \u00c7ift G\u00fc\u011f\u00fcm, tek sa\u011f\u0131m kuru sistem al\u00fcminyum g\u00fc\u011f\u00fcm s\u00fct sa\u011f\u0131m makinas\u0131<\/strong><\/p>\n\r\n\t<\/div><div class=\"sep accent clearfix\" style=\"width:70px;height:2px;margin:;\"><\/div><\/div>[vc_gallery interval=&#8221;3&#8243; images=&#8221;14859&#8243; img_size=&#8221;full&#8221; css=&#8221;.vc_custom_1645885348011{margin-bottom: -40px !important;}&#8221;][vc_column_text]Makina Cinsi : <strong>Tek Pulsat\u00f6r, \u00c7ift Al\u00fcminyum G\u00fc\u011f\u00fcm<\/strong><br \/>\n<strong>Kuru Grafit Paletli<\/strong><br \/>\nSa\u011f\u0131m Kapasitesi : \u00a06-8 inek \/ saat<br \/>\nG\u00fc\u011f\u00fcm Hacmi : 30 lt[\/vc_column_text][\/vc_column][vc_column width=&#8221;1\/4&#8243;]<div class=\"agrikole-headings clearfix text-center\"  style=\"\"><div class=\"sub-heading clearfix\">\r\n\t\t<p><strong>\u015eMK 007 &#8211; \u00c7ift G\u00fc\u011f\u00fcm, tek sa\u011f\u0131m kuru sistem krom g\u00fc\u011f\u00fcm s\u00fct sa\u011f\u0131m makinas\u0131<\/strong><\/p>\n\r\n\t<\/div><div class=\"sep accent clearfix\" style=\"width:70px;height:2px;margin:;\"><\/div><\/div>[vc_gallery interval=&#8221;3&#8243; images=&#8221;14860&#8243; img_size=&#8221;full&#8221; css=&#8221;.vc_custom_1645885377991{margin-bottom: -40px !important;}&#8221;][vc_column_text]Makina Cinsi : <strong>Tek Pulsat\u00f6r, \u00c7ift krom G\u00fc\u011f\u00fcm<\/strong><br \/>\n<strong>Kuru Grafit Paletli<\/strong><br \/>\nSa\u011f\u0131m Kapasitesi : \u00a06-8 inek \/ saat<br \/>\nG\u00fc\u011f\u00fcm Hacmi : 30 lt[\/vc_column_text][\/vc_column][vc_column width=&#8221;1\/4&#8243;]<div class=\"agrikole-headings clearfix text-center\"  style=\"\"><div class=\"sub-heading clearfix\">\r\n\t\t<p><strong>\u015eMK 009 &#8211; Tek G\u00fc\u011f\u00fcm, Tek sa\u011f\u0131m kuru sistem al\u00fcminyum g\u00fc\u011f\u00fcm s\u00fct sa\u011f\u0131m makinas\u0131<\/strong><\/p>\n\r\n\t<\/div><div class=\"sep accent clearfix\" style=\"width:70px;height:2px;margin:;\"><\/div><\/div>[vc_gallery interval=&#8221;3&#8243; images=&#8221;14868&#8243; img_size=&#8221;full&#8221; css=&#8221;.vc_custom_1645885800607{margin-bottom: -40px !important;}&#8221;][vc_column_text]Makina Cinsi : <strong>Tek Pulsat\u00f6r, Tek Al\u00fcminyum G\u00fc\u011f\u00fcm<\/strong><br \/>\n<strong>Kuru Grafit Paletli<\/strong><br \/>\nSa\u011f\u0131m Kapasitesi : \u00a010-12 inek \/ saat<br \/>\nG\u00fc\u011f\u00fcm Hacmi :40 lt[\/vc_column_text][\/vc_column][vc_column width=&#8221;1\/4&#8243;]<div class=\"agrikole-headings clearfix text-center\"  style=\"\"><div class=\"sub-heading clearfix\">\r\n\t\t<p><strong>\u015eMK 009 &#8211; Tek G\u00fc\u011f\u00fcm, Tek sa\u011f\u0131m kuru sistem krom g\u00fc\u011f\u00fcm s\u00fct sa\u011f\u0131m makinas\u0131<\/strong><\/p>\n\r\n\t<\/div><div class=\"sep accent clearfix\" style=\"width:70px;height:2px;margin:;\"><\/div><\/div>[vc_gallery interval=&#8221;3&#8243; images=&#8221;14867&#8243; img_size=&#8221;full&#8221; css=&#8221;.vc_custom_1645885853640{margin-bottom: -40px !important;}&#8221;][vc_column_text]Makina Cinsi : <strong>Tek Pulsat\u00f6r, Tek Krom G\u00fc\u011f\u00fcm<\/strong><br \/>\n<strong>Kuru Grafit Paletli<\/strong><br \/>\nSa\u011f\u0131m Kapasitesi : \u00a010-12 inek \/ saat<br \/>\nG\u00fc\u011f\u00fcm Hacmi :40 lt[\/vc_column_text][\/vc_column][\/vc_row][vc_row][vc_column][vc_empty_space height=&#8221;45px&#8221;][\/vc_column][\/vc_row][vc_row][vc_column width=&#8221;1\/4&#8243;]<div class=\"agrikole-headings clearfix text-center\"  style=\"\"><div class=\"sub-heading clearfix\">\r\n\t\t<p><strong>\u015eMK 010 &#8211; Tek G\u00fc\u011f\u00fcm, tek sa\u011f\u0131m kuru sistem al\u00fcminyum g\u00fc\u011f\u00fcm s\u00fct sa\u011f\u0131m makinas\u0131<\/strong><\/p>\n\r\n\t<\/div><div class=\"sep accent clearfix\" style=\"width:70px;height:2px;margin:;\"><\/div><\/div>[vc_gallery interval=&#8221;3&#8243; images=&#8221;14875&#8243; img_size=&#8221;full&#8221; css=&#8221;.vc_custom_1645886230131{margin-bottom: -40px !important;}&#8221;][vc_column_text]Makina Cinsi : <strong>Tek Pulsat\u00f6r, Tek Al\u00fcminyum G\u00fc\u011f\u00fcm<\/strong><br \/>\n<strong>Kuru Grafit Paletli<\/strong><br \/>\nSa\u011f\u0131m Kapasitesi : \u00a06-8 inek \/ saat<br \/>\nG\u00fc\u011f\u00fcm Hacmi : 30 lt[\/vc_column_text][\/vc_column][vc_column width=&#8221;1\/4&#8243;]<div class=\"agrikole-headings clearfix text-center\"  style=\"\"><div class=\"sub-heading clearfix\">\r\n\t\t<p><strong>\u015eMK 019 &#8211; Tek G\u00fc\u011f\u00fcm, tek sa\u011f\u0131m kuru sistem krom g\u00fc\u011f\u00fcm s\u00fct sa\u011f\u0131m makinas\u0131<\/strong><\/p>\n\r\n\t<\/div><div class=\"sep accent clearfix\" style=\"width:70px;height:2px;margin:;\"><\/div><\/div>[vc_gallery interval=&#8221;3&#8243; images=&#8221;14876&#8243; img_size=&#8221;full&#8221; css=&#8221;.vc_custom_1645886257721{margin-bottom: -40px !important;}&#8221;][vc_column_text]Makina Cinsi : <strong>Tek Pulsat\u00f6r, Tek krom G\u00fc\u011f\u00fcm<\/strong><br \/>\n<strong>Kuru Grafit Paletli<\/strong><br \/>\nSa\u011f\u0131m Kapasitesi : \u00a06-8 inek \/ saat<br \/>\nG\u00fc\u011f\u00fcm Hacmi : 30 lt[\/vc_column_text][\/vc_column][\/vc_row][vc_row][vc_column][vc_empty_space height=&#8221;45px&#8221;][\/vc_column][\/vc_row]<\/p>\n","protected":false},"excerpt":{"rendered":"<p>[vc_row][vc_column width=&#8221;1\/4&#8243;][vc_gallery interval=&#8221;3&#8243; images=&#8221;14850&#8243; img_size=&#8221;full&#8221; css=&#8221;.vc_custom_1645884331057{margin-bottom: -40px !important;}&#8221;][vc_column_text]Makina Cinsi : Tek Pulsat\u00f6r, Tek Al\u00fcminyum G\u00fc\u011f\u00fcm Kuru Grafit Paletli Sa\u011f\u0131m Kapasitesi : \u00a06-8 inek \/ saat G\u00fc\u011f\u00fcm Hacmi : 30 lt[\/vc_column_text][\/vc_column][vc_column width=&#8221;1\/4&#8243;][vc_gallery interval=&#8221;3&#8243; images=&#8221;14849&#8243; img_size=&#8221;full&#8221; css=&#8221;.vc_custom_1645884352898{margin-bottom: -40px !important;}&#8221;][vc_column_text]Makina Cinsi : Tek Pulsat\u00f6r, Tek krom G\u00fc\u011f\u00fcm Kuru Grafit Paletli Sa\u011f\u0131m Kapasitesi :<\/p>\n","protected":false},"author":1,"featured_media":0,"parent":0,"menu_order":0,"comment_status":"closed","ping_status":"closed","template":"","meta":{"footnotes":""},"class_list":["post-14752","page","type-page","status-publish","hentry"],"_links":{"self":[{"href":"https:\/\/simsekmakine.com\/index.php?rest_route=\/wp\/v2\/pages\/14752","targetHints":{"allow":["GET"]}}],"collection":[{"href":"https:\/\/simsekmakine.com\/index.php?rest_route=\/wp\/v2\/pages"}],"about":[{"href":"https:\/\/simsekmakine.com\/index.php?rest_route=\/wp\/v2\/types\/page"}],"author":[{"embeddable":true,"href":"https:\/\/simsekmakine.com\/index.php?rest_route=\/wp\/v2\/users\/1"}],"replies":[{"embeddable":true,"href":"https:\/\/simsekmakine.com\/index.php?rest_route=%2Fwp%2Fv2%2Fcomments&post=14752"}],"version-history":[{"count":28,"href":"https:\/\/simsekmakine.com\/index.php?rest_route=\/wp\/v2\/pages\/14752\/revisions"}],"predecessor-version":[{"id":14880,"href":"https:\/\/simsekmakine.com\/index.php?rest_route=\/wp\/v2\/pages\/14752\/revisions\/14880"}],"wp:attachment":[{"href":"https:\/\/simsekmakine.com\/index.php?rest_route=%2Fwp%2Fv2%2Fmedia&parent=14752"}],"curies":[{"name":"wp","href":"https:\/\/api.w.org\/{rel}","templated":true}]}}