{"id":14759,"date":"2022-01-19T00:07:41","date_gmt":"2022-01-18T21:07:41","guid":{"rendered":"http:\/\/simsekmakine.com\/?page_id=14759"},"modified":"2022-02-26T15:01:52","modified_gmt":"2022-02-26T12:01:52","slug":"hamur-yogurma-makineleri","status":"publish","type":"page","link":"https:\/\/simsekmakine.com\/?page_id=14759","title":{"rendered":"Hamur Yo\u011furma Makineleri"},"content":{"rendered":"<p>[vc_row][vc_column width=&#8221;1\/4&#8243;]<div class=\"agrikole-headings clearfix text-center\"  style=\"\"><div class=\"sub-heading clearfix\">\r\n\t\t<p><strong>\u015eMK 1010 &#8211; Hamur Yo\u011furma Makinas\u0131<\/strong><\/p>\n\r\n\t<\/div><div class=\"sep accent clearfix\" style=\"width:70px;height:2px;margin:;\"><\/div><\/div>[vc_gallery interval=&#8221;3&#8243; images=&#8221;14778&#8243; img_size=&#8221;full&#8221; css=&#8221;.vc_custom_1645876871443{margin-bottom: -40px !important;}&#8221;][\/vc_column][\/vc_row][vc_row][vc_column][vc_empty_space height=&#8221;45px&#8221;][\/vc_column][\/vc_row][vc_row][vc_column][vc_empty_space height=&#8221;45px&#8221;][\/vc_column][\/vc_row]<\/p>\n","protected":false},"excerpt":{"rendered":"<p>[vc_row][vc_column width=&#8221;1\/4&#8243;][vc_gallery interval=&#8221;3&#8243; images=&#8221;14778&#8243; img_size=&#8221;full&#8221; css=&#8221;.vc_custom_1645876871443{margin-bottom: -40px !important;}&#8221;][\/vc_column][\/vc_row][vc_row][vc_column][vc_empty_space height=&#8221;45px&#8221;][\/vc_column][\/vc_row][vc_row][vc_column][vc_empty_space height=&#8221;45px&#8221;][\/vc_column][\/vc_row]<\/p>\n","protected":false},"author":1,"featured_media":0,"parent":0,"menu_order":0,"comment_status":"closed","ping_status":"closed","template":"","meta":{"footnotes":""},"class_list":["post-14759","page","type-page","status-publish","hentry"],"_links":{"self":[{"href":"https:\/\/simsekmakine.com\/index.php?rest_route=\/wp\/v2\/pages\/14759","targetHints":{"allow":["GET"]}}],"collection":[{"href":"https:\/\/simsekmakine.com\/index.php?rest_route=\/wp\/v2\/pages"}],"about":[{"href":"https:\/\/simsekmakine.com\/index.php?rest_route=\/wp\/v2\/types\/page"}],"author":[{"embeddable":true,"href":"https:\/\/simsekmakine.com\/index.php?rest_route=\/wp\/v2\/users\/1"}],"replies":[{"embeddable":true,"href":"https:\/\/simsekmakine.com\/index.php?rest_route=%2Fwp%2Fv2%2Fcomments&post=14759"}],"version-history":[{"count":6,"href":"https:\/\/simsekmakine.com\/index.php?rest_route=\/wp\/v2\/pages\/14759\/revisions"}],"predecessor-version":[{"id":14781,"href":"https:\/\/simsekmakine.com\/index.php?rest_route=\/wp\/v2\/pages\/14759\/revisions\/14781"}],"wp:attachment":[{"href":"https:\/\/simsekmakine.com\/index.php?rest_route=%2Fwp%2Fv2%2Fmedia&parent=14759"}],"curies":[{"name":"wp","href":"https:\/\/api.w.org\/{rel}","templated":true}]}}